{"id":574,"date":"2023-07-17T15:09:43","date_gmt":"2023-07-17T13:09:43","guid":{"rendered":"https:\/\/ensemble-esquisses.fr\/?page_id=574"},"modified":"2026-03-10T00:27:08","modified_gmt":"2026-03-09T23:27:08","slug":"nouvel-album","status":"publish","type":"page","link":"https:\/\/ensemble-esquisses.fr\/?page_id=574","title":{"rendered":"Album"},"content":{"rendered":"<p>[et_pb_section fb_built=\u00a0\u00bb1&Prime; _builder_version=\u00a0\u00bb4.21.0&Prime; _module_preset=\u00a0\u00bbdefault\u00a0\u00bb da_disable_devices=\u00a0\u00bboff|off|off\u00a0\u00bb global_colors_info=\u00a0\u00bb{}\u00a0\u00bb da_is_popup=\u00a0\u00bboff\u00a0\u00bb da_exit_intent=\u00a0\u00bboff\u00a0\u00bb da_has_close=\u00a0\u00bbon\u00a0\u00bb da_alt_close=\u00a0\u00bboff\u00a0\u00bb da_dark_close=\u00a0\u00bboff\u00a0\u00bb da_not_modal=\u00a0\u00bbon\u00a0\u00bb da_is_singular=\u00a0\u00bboff\u00a0\u00bb da_with_loader=\u00a0\u00bboff\u00a0\u00bb da_has_shadow=\u00a0\u00bbon\u00a0\u00bb][et_pb_row _builder_version=\u00a0\u00bb4.21.0&Prime; _module_preset=\u00a0\u00bbdefault\u00a0\u00bb global_colors_info=\u00a0\u00bb{}\u00a0\u00bb][et_pb_column type=\u00a0\u00bb4_4&Prime; _builder_version=\u00a0\u00bb4.21.0&Prime; _module_preset=\u00a0\u00bbdefault\u00a0\u00bb global_colors_info=\u00a0\u00bb{}\u00a0\u00bb][et_pb_image src=\u00a0\u00bbhttps:\/\/ensemble-esquisses.fr\/wp-content\/uploads\/2023\/07\/evcd100-scaled.jpg\u00a0\u00bb align=\u00a0\u00bbcenter\u00a0\u00bb _builder_version=\u00a0\u00bb4.21.0&Prime; _module_preset=\u00a0\u00bbdefault\u00a0\u00bb width=\u00a0\u00bb50%\u00a0\u00bb box_shadow_style=\u00a0\u00bbpreset3&Prime; global_colors_info=\u00a0\u00bb{}\u00a0\u00bb][\/et_pb_image][dsm_button button_one_text=\u00a0\u00bbECOUTER\u00a0\u00bb button_one_url=\u00a0\u00bbhttps:\/\/lnk.to\/par-un-matin\u00a0\u00bb button_one_url_new_window=\u00a0\u00bbon\u00a0\u00bb button_alignment=\u00a0\u00bbcenter\u00a0\u00bb _builder_version=\u00a0\u00bb4.21.0&Prime; _module_preset=\u00a0\u00bbdefault\u00a0\u00bb custom_button_one=\u00a0\u00bbon\u00a0\u00bb button_one_text_color=\u00a0\u00bb#FFFFFF\u00a0\u00bb button_one_bg_color=\u00a0\u00bb#E02B20&Prime; button_one_border_radius=\u00a0\u00bb25px\u00a0\u00bb button_one_icon=\u00a0\u00bb&#x7a;||divi||400&Prime; global_colors_info=\u00a0\u00bb{}\u00a0\u00bb][\/dsm_button][\/et_pb_column][\/et_pb_row][et_pb_row _builder_version=\u00a0\u00bb4.21.0&Prime; _module_preset=\u00a0\u00bbdefault\u00a0\u00bb global_colors_info=\u00a0\u00bb{}\u00a0\u00bb][et_pb_column type=\u00a0\u00bb4_4&Prime; _builder_version=\u00a0\u00bb4.21.0&Prime; _module_preset=\u00a0\u00bbdefault\u00a0\u00bb global_colors_info=\u00a0\u00bb{}\u00a0\u00bb][et_pb_text _builder_version=\u00a0\u00bb4.21.0&Prime; _module_preset=\u00a0\u00bbdefault\u00a0\u00bb global_colors_info=\u00a0\u00bb{}\u00a0\u00bb]<\/p>\n<h4>L\u2019ensemble Esquisses remercie chaleureusement chacun.e des contributeurs.trices qui ont permis la r\u00e9alisation de ce disque :<\/h4>\n<p>&nbsp;<\/p>\n<p>Marie A. Delphine A. Aude A. Bernadette A. Miren A. Coralie A. Clara B. Cl\u00e9ment B. Jean-Louis B. Arlette B. Fran\u00e7oise B. Jean-Baptiste B. Elo\u00efse B. Manuela B. Sarah B. S\u00e9bastien B. Hakim B. Arnaud B. Sarah B. Wilfried B. Th\u00e9r\u00e8se B. Patrice B. Sylvie B. Vincent B. Alexy BR. Lisa C. Fran\u00e7oise &amp; Claude C. Camille C. Claire-Marie C. Laura C. Elodie C. Annick C. Vincent C. Alain C. Gilberte C. Arnaud C. Margot D. Nicole D. Isabelle D. Isa Laure D. Marie-France D. Christiane D. Sabine D. Marie D. Jean-Maurice D. Pernette D. Fabienne D. Marie-Pierre D. Christine D. Claire D. Marie-Th\u00e9r\u00e8se D. Marie D. Chlo\u00e9 D. Laura D. Elodie D. Sylvain D. Alain D. Fran\u00e7ois D. Patrick D. Marie-Denise D. Guillaume D. Catherine DJ. Corinne E. William E. Danielle F. C\u00e9lia F. Mich\u00e8le G. Alain G. Corinne G. Bernadette G. B\u00e9n\u00e9dicte G. Marie-H\u00e9l\u00e8ne G. Maurice G. Edith G. Marie G. Annie G. Jacques G. Christiane GC. V\u00e9ronique H. Roland H. Marguerite H. C\u00e9lia H. Elisabeth I. Christian J. Colette J. Jean-Pierre J. Coline K. Marie-Fran\u00e7oise K. Fr\u00e9d\u00e9ric K. Salah Eddine K. Sabine de L. F\u00e9lix de L. B\u00e9atrice de L. Julie L. C\u00e9cile L. Coline L. D\u00e9borah L. Peggy L. Olivier L. Martine L. Cl\u00e9ment L. H\u00e9l\u00e8ne L. Catherine L. Odile L. V\u00e9ronique L. Andr\u00e9 L. Liliane LG. Marie LG. Annie LG. Claire M. Lauranne M. Elise M. Cl\u00e9ment M. Lucile M. Jean-Pierre M. Andr\u00e9 M. Elisabeth M. Pascale M. Marceau M. Caroline M. Benjamin M. Martin M. Brigitte O. St\u00e9phanie P. Genevi\u00e8ve P. Jean P. Thierry P. Amilia P. Sandra P. Colette P. Sylvie Q. Chantal &amp; Michel R. Anne R. Fran\u00e7oise R. Annick R. S\u00e9verine R. Luc S. Sylvie S. Caroline S. Laurence S. Jean-Paul S. Sylvie S. Marie-No\u00eblle SB. Michel SP. G\u00e9rard T. Cecilia T. Maela T. Jacky T. Roland TW. Jean-Fran\u00e7ois V. Johan W. Ghislaine W. Catherine Z. Abel Z. Zana Z.<\/p>\n<h5><\/h5>\n<h5>\nLabel Evidence<br \/>\nEnregistr\u00e9 au Temple Lanterne de Lyon en novembre 2022<br \/>\nPrise de son &amp; montage : Victor Page<br \/>\nDirection artistique : Sammy El Ghadab<br \/>\nDesign : Bruno Del Piero<br \/>\nLivret : Pierre Fournier<\/h5>\n<p>[\/et_pb_text][\/et_pb_column][\/et_pb_row][\/et_pb_section]<\/p>\n","protected":false},"excerpt":{"rendered":"<p><div class=\"et_pb_module none divienhancer-hover-effect dsm_button dsm_button_0 et_pb_bg_layout_light\">\n\t\t\t\t\n\t\t\t\t\n\t\t\t\t\n\t\t\t\t\n\t\t\t\t\n\t\t\t\t\n\t\t\t\t<div class=\"et_pb_module_inner\">\n\t\t\t\t\t<div class=\"et_pb_button_module_wrappers dsm_button_0_wrapper et_pb_button_alignment_center et_pb_module\">\n\t\t\t\t<a class=\"et_pb_button et_pb_button_one et_pb_custom_button_icon et_pb_bg_layout_light dsm-none \"  href=\"https:\/\/lnk.to\/par-un-matin\" target=\"_blank\" data-icon=\"&#x7a;\" data-dsm-lightbox-id=\"dsm_button_one_lightbox dsm_button_0\">ECOUTER<\/a>\n\t\t\t<\/div>\n\t\t\t\t<\/div>\n\t\t\t<\/div>L\u2019ensemble Esquisses remercie chaleureusement chacun.e des contributeurs.trices qui ont permis la r\u00e9alisation de ce disque : &nbsp; Marie A. Delphine A. Aude A. Bernadette A. Miren A. Coralie A. Clara B. Cl\u00e9ment B. Jean-Louis B. Arlette B. Fran\u00e7oise B. Jean-Baptiste B. Elo\u00efse B. [&hellip;]<\/p>\n","protected":false},"author":1,"featured_media":0,"parent":0,"menu_order":0,"comment_status":"closed","ping_status":"closed","template":"","meta":{"_et_pb_use_builder":"on","_et_pb_old_content":"","_et_gb_content_width":"","footnotes":""},"class_list":["post-574","page","type-page","status-publish","hentry"],"_links":{"self":[{"href":"https:\/\/ensemble-esquisses.fr\/index.php?rest_route=\/wp\/v2\/pages\/574","targetHints":{"allow":["GET"]}}],"collection":[{"href":"https:\/\/ensemble-esquisses.fr\/index.php?rest_route=\/wp\/v2\/pages"}],"about":[{"href":"https:\/\/ensemble-esquisses.fr\/index.php?rest_route=\/wp\/v2\/types\/page"}],"author":[{"embeddable":true,"href":"https:\/\/ensemble-esquisses.fr\/index.php?rest_route=\/wp\/v2\/users\/1"}],"replies":[{"embeddable":true,"href":"https:\/\/ensemble-esquisses.fr\/index.php?rest_route=%2Fwp%2Fv2%2Fcomments&post=574"}],"version-history":[{"count":6,"href":"https:\/\/ensemble-esquisses.fr\/index.php?rest_route=\/wp\/v2\/pages\/574\/revisions"}],"predecessor-version":[{"id":706,"href":"https:\/\/ensemble-esquisses.fr\/index.php?rest_route=\/wp\/v2\/pages\/574\/revisions\/706"}],"wp:attachment":[{"href":"https:\/\/ensemble-esquisses.fr\/index.php?rest_route=%2Fwp%2Fv2%2Fmedia&parent=574"}],"curies":[{"name":"wp","href":"https:\/\/api.w.org\/{rel}","templated":true}]}}