{"id":691,"date":"2024-07-11T15:53:43","date_gmt":"2024-07-11T13:53:43","guid":{"rendered":"https:\/\/ensemble-esquisses.fr\/?page_id=691"},"modified":"2024-07-11T15:53:43","modified_gmt":"2024-07-11T13:53:43","slug":"artistes-associes","status":"publish","type":"page","link":"https:\/\/ensemble-esquisses.fr\/?page_id=691","title":{"rendered":"Artistes associ\u00e9s"},"content":{"rendered":"<p>[et_pb_section fb_built=\u00a0\u00bb1&Prime; theme_builder_area=\u00a0\u00bbpost_content\u00a0\u00bb _builder_version=\u00a0\u00bb4.26.0&Prime; _module_preset=\u00a0\u00bbdefault\u00a0\u00bb da_is_popup=\u00a0\u00bboff\u00a0\u00bb da_exit_intent=\u00a0\u00bboff\u00a0\u00bb da_has_close=\u00a0\u00bbon\u00a0\u00bb da_alt_close=\u00a0\u00bboff\u00a0\u00bb da_dark_close=\u00a0\u00bboff\u00a0\u00bb da_not_modal=\u00a0\u00bbon\u00a0\u00bb da_is_singular=\u00a0\u00bboff\u00a0\u00bb da_with_loader=\u00a0\u00bboff\u00a0\u00bb da_has_shadow=\u00a0\u00bbon\u00a0\u00bb da_disable_devices=\u00a0\u00bboff|off|off\u00a0\u00bb][et_pb_row _builder_version=\u00a0\u00bb4.16&Prime; global_colors_info=\u00a0\u00bb{}\u00a0\u00bb theme_builder_area=\u00a0\u00bbpost_content\u00a0\u00bb][et_pb_column type=\u00a0\u00bb4_4&Prime; _builder_version=\u00a0\u00bb4.16&Prime; global_colors_info=\u00a0\u00bb{}\u00a0\u00bb theme_builder_area=\u00a0\u00bbpost_content\u00a0\u00bb][et_pb_text _builder_version=\u00a0\u00bb4.16&Prime; header_text_align=\u00a0\u00bbcenter\u00a0\u00bb header_2_text_align=\u00a0\u00bbcenter\u00a0\u00bb header_2_font_size=\u00a0\u00bb36px\u00a0\u00bb header_2_letter_spacing=\u00a0\u00bb6px\u00a0\u00bb animation_style=\u00a0\u00bbflip\u00a0\u00bb animation_duration=\u00a0\u00bb2000ms\u00a0\u00bb header_2_text_shadow_style=\u00a0\u00bbpreset3&Prime; header_2_text_shadow_blur_strength=\u00a0\u00bb0.15em\u00a0\u00bb global_colors_info=\u00a0\u00bb{}\u00a0\u00bb theme_builder_area=\u00a0\u00bbpost_content\u00a0\u00bb]<\/p>\n<h2>L&rsquo;Ensemble<\/h2>\n<p>[\/et_pb_text][et_pb_divider color=\u00a0\u00bb#000000&Prime; _builder_version=\u00a0\u00bb4.16&Prime; animation_style=\u00a0\u00bbfade\u00a0\u00bb animation_duration=\u00a0\u00bb2000ms\u00a0\u00bb global_colors_info=\u00a0\u00bb{}\u00a0\u00bb theme_builder_area=\u00a0\u00bbpost_content\u00a0\u00bb][\/et_pb_divider][\/et_pb_column][\/et_pb_row][et_pb_row column_structure=\u00a0\u00bb1_2,1_2&Prime; _builder_version=\u00a0\u00bb4.26.0&Prime; _module_preset=\u00a0\u00bbdefault\u00a0\u00bb global_colors_info=\u00a0\u00bb{}\u00a0\u00bb theme_builder_area=\u00a0\u00bbpost_content\u00a0\u00bb][et_pb_column type=\u00a0\u00bb1_2&Prime; _builder_version=\u00a0\u00bb4.26.0&Prime; _module_preset=\u00a0\u00bbdefault\u00a0\u00bb global_colors_info=\u00a0\u00bb{}\u00a0\u00bb theme_builder_area=\u00a0\u00bbpost_content\u00a0\u00bb][et_pb_button button_text=\u00a0\u00bbArtistes permanents\u00a0\u00bb button_alignment=\u00a0\u00bbcenter\u00a0\u00bb _builder_version=\u00a0\u00bb4.26.0&Prime; _module_preset=\u00a0\u00bbdefault\u00a0\u00bb custom_button=\u00a0\u00bbon\u00a0\u00bb button_text_color=\u00a0\u00bb#000000&Prime; button_bg_color=\u00a0\u00bb#FFFFFF\u00a0\u00bb hover_enabled=\u00a0\u00bb0&Prime; global_colors_info=\u00a0\u00bb{}\u00a0\u00bb theme_builder_area=\u00a0\u00bbpost_content\u00a0\u00bb button_url=\u00a0\u00bb@ET-DC@eyJkeW5hbWljIjp0cnVlLCJjb250ZW50IjoicG9zdF9saW5rX3VybF9wYWdlIiwic2V0dGluZ3MiOnsicG9zdF9pZCI6IjI0MyJ9fQ==@\u00a0\u00bb _dynamic_attributes=\u00a0\u00bbbutton_url\u00a0\u00bb button_bg_enable_color=\u00a0\u00bbon\u00a0\u00bb sticky_enabled=\u00a0\u00bb0&Prime;][\/et_pb_button][\/et_pb_column][et_pb_column type=\u00a0\u00bb1_2&Prime; _builder_version=\u00a0\u00bb4.26.0&Prime; _module_preset=\u00a0\u00bbdefault\u00a0\u00bb global_colors_info=\u00a0\u00bb{}\u00a0\u00bb theme_builder_area=\u00a0\u00bbpost_content\u00a0\u00bb][et_pb_button button_text=\u00a0\u00bbArtistes associ\u00e9s\u00a0\u00bb button_alignment=\u00a0\u00bbcenter\u00a0\u00bb _builder_version=\u00a0\u00bb4.26.0&Prime; _module_preset=\u00a0\u00bbdefault\u00a0\u00bb custom_button=\u00a0\u00bbon\u00a0\u00bb button_text_color=\u00a0\u00bb#FFFFFF\u00a0\u00bb button_bg_color=\u00a0\u00bb#000000&Prime; hover_enabled=\u00a0\u00bb0&Prime; global_colors_info=\u00a0\u00bb{}\u00a0\u00bb theme_builder_area=\u00a0\u00bbpost_content\u00a0\u00bb button_bg_enable_color=\u00a0\u00bbon\u00a0\u00bb sticky_enabled=\u00a0\u00bb0&Prime;][\/et_pb_button][\/et_pb_column][\/et_pb_row][et_pb_row column_structure=\u00a0\u00bb1_3,1_3,1_3&Prime; _builder_version=\u00a0\u00bb4.16&Prime; global_colors_info=\u00a0\u00bb{}\u00a0\u00bb theme_builder_area=\u00a0\u00bbpost_content\u00a0\u00bb][et_pb_column type=\u00a0\u00bb1_3&Prime; _builder_version=\u00a0\u00bb4.16&Prime; global_colors_info=\u00a0\u00bb{}\u00a0\u00bb theme_builder_area=\u00a0\u00bbpost_content\u00a0\u00bb][et_pb_image src=\u00a0\u00bbhttps:\/\/ensemble-esquisses.fr\/wp-content\/uploads\/2021\/04\/FannyC.jpg\u00a0\u00bb title_text=\u00a0\u00bbaudrey2&Prime; url=\u00a0\u00bb#fannyc\u00a0\u00bb align=\u00a0\u00bbcenter\u00a0\u00bb _builder_version=\u00a0\u00bb4.16&Prime; filter_brightness=\u00a0\u00bb127%\u00a0\u00bb filter_sepia=\u00a0\u00bb100%\u00a0\u00bb animation_style=\u00a0\u00bbfold\u00a0\u00bb animation_duration=\u00a0\u00bb1800ms\u00a0\u00bb border_radii=\u00a0\u00bbon|260px|260px|260px|260px\u00a0\u00bb global_colors_info=\u00a0\u00bb{}\u00a0\u00bb filter_sepia__hover=\u00a0\u00bb0%\u00a0\u00bb filter_sepia__hover_enabled=\u00a0\u00bbon|hover\u00a0\u00bb theme_builder_area=\u00a0\u00bbpost_content\u00a0\u00bb][\/et_pb_image][et_pb_text _builder_version=\u00a0\u00bb4.16&Prime; header_4_text_align=\u00a0\u00bbcenter\u00a0\u00bb header_4_text_color=\u00a0\u00bb#916a00&Prime; header_4_font_size=\u00a0\u00bb27px\u00a0\u00bb header_4_letter_spacing=\u00a0\u00bb3px\u00a0\u00bb animation_style=\u00a0\u00bbfade\u00a0\u00bb animation_duration=\u00a0\u00bb2000ms\u00a0\u00bb link_option_url=\u00a0\u00bb#fannyc\u00a0\u00bb global_colors_info=\u00a0\u00bb{}\u00a0\u00bb theme_builder_area=\u00a0\u00bbpost_content\u00a0\u00bb]<\/p>\n<h4 class=\"et_pb_module_header et-fb-editable-element et-fb-editable-element__editing\" data-shortcode-id=\"0.3.1.0-1590955553526\" data-quickaccess-id=\"header\" contenteditable=\"true\"><b>Fanny COUSSEAU<br \/><\/b><\/h4>\n<p>[\/et_pb_text][\/et_pb_column][et_pb_column type=\u00a0\u00bb1_3&Prime; _builder_version=\u00a0\u00bb4.16&Prime; global_colors_info=\u00a0\u00bb{}\u00a0\u00bb theme_builder_area=\u00a0\u00bbpost_content\u00a0\u00bb][et_pb_image src=\u00a0\u00bbhttps:\/\/ensemble-esquisses.fr\/wp-content\/uploads\/2020\/05\/marie.jpg\u00a0\u00bb title_text=\u00a0\u00bbaudrey2&Prime; url=\u00a0\u00bb#marie\u00a0\u00bb align=\u00a0\u00bbcenter\u00a0\u00bb _builder_version=\u00a0\u00bb4.16&Prime; filter_brightness=\u00a0\u00bb89%\u00a0\u00bb filter_sepia=\u00a0\u00bb100%\u00a0\u00bb animation_style=\u00a0\u00bbfold\u00a0\u00bb animation_duration=\u00a0\u00bb1800ms\u00a0\u00bb border_radii=\u00a0\u00bbon|260px|260px|260px|260px\u00a0\u00bb global_colors_info=\u00a0\u00bb{}\u00a0\u00bb filter_sepia__hover=\u00a0\u00bb0%\u00a0\u00bb filter_sepia__hover_enabled=\u00a0\u00bbon|desktop\u00a0\u00bb theme_builder_area=\u00a0\u00bbpost_content\u00a0\u00bb][\/et_pb_image][et_pb_text _builder_version=\u00a0\u00bb4.26.0&Prime; header_4_text_align=\u00a0\u00bbcenter\u00a0\u00bb header_4_text_color=\u00a0\u00bb#916a00&Prime; header_4_font_size=\u00a0\u00bb27px\u00a0\u00bb header_4_letter_spacing=\u00a0\u00bb3px\u00a0\u00bb animation_style=\u00a0\u00bbfade\u00a0\u00bb animation_duration=\u00a0\u00bb2000ms\u00a0\u00bb link_option_url=\u00a0\u00bb#marie\u00a0\u00bb hover_enabled=\u00a0\u00bb0&Prime; global_colors_info=\u00a0\u00bb{}\u00a0\u00bb theme_builder_area=\u00a0\u00bbpost_content\u00a0\u00bb sticky_enabled=\u00a0\u00bb0&Prime;]<\/p>\n<h4 class=\"et_pb_module_header et-fb-editable-element et-fb-editable-element__editing\" data-shortcode-id=\"0.3.2.0-1590955553540\" data-quickaccess-id=\"header\" contenteditable=\"true\">Marie LE GUERN<\/h4>\n<p>[\/et_pb_text][\/et_pb_column][et_pb_column type=\u00a0\u00bb1_3&Prime; _builder_version=\u00a0\u00bb4.16&Prime; global_colors_info=\u00a0\u00bb{}\u00a0\u00bb theme_builder_area=\u00a0\u00bbpost_content\u00a0\u00bb][et_pb_image src=\u00a0\u00bbhttps:\/\/ensemble-esquisses.fr\/wp-content\/uploads\/2024\/07\/ManonSouchard.png\u00a0\u00bb title_text=\u00a0\u00bbManonSouchard\u00a0\u00bb url=\u00a0\u00bb#manonsouchard\u00a0\u00bb align=\u00a0\u00bbcenter\u00a0\u00bb _builder_version=\u00a0\u00bb4.26.0&Prime; filter_sepia=\u00a0\u00bb100%\u00a0\u00bb animation_style=\u00a0\u00bbfold\u00a0\u00bb animation_duration=\u00a0\u00bb1800ms\u00a0\u00bb hover_enabled=\u00a0\u00bb0&Prime; border_radii=\u00a0\u00bbon|260px|260px|260px|260px\u00a0\u00bb global_colors_info=\u00a0\u00bb{}\u00a0\u00bb filter_sepia__hover=\u00a0\u00bb0%\u00a0\u00bb filter_sepia__hover_enabled=\u00a0\u00bbon|desktop\u00a0\u00bb theme_builder_area=\u00a0\u00bbpost_content\u00a0\u00bb sticky_enabled=\u00a0\u00bb0&Prime;][\/et_pb_image][et_pb_text _builder_version=\u00a0\u00bb4.26.0&Prime; header_4_text_align=\u00a0\u00bbcenter\u00a0\u00bb header_4_text_color=\u00a0\u00bb#916a00&Prime; header_4_font_size=\u00a0\u00bb27px\u00a0\u00bb header_4_letter_spacing=\u00a0\u00bb3px\u00a0\u00bb animation_style=\u00a0\u00bbfade\u00a0\u00bb animation_duration=\u00a0\u00bb2000ms\u00a0\u00bb link_option_url=\u00a0\u00bb#manonsouchard\u00a0\u00bb hover_enabled=\u00a0\u00bb0&Prime; global_colors_info=\u00a0\u00bb{}\u00a0\u00bb theme_builder_area=\u00a0\u00bbpost_content\u00a0\u00bb sticky_enabled=\u00a0\u00bb0&Prime;]<\/p>\n<h4 class=\"et_pb_module_header et-fb-editable-element et-fb-editable-element__editing\" data-shortcode-id=\"0.3.2.0-1590955553540\" data-quickaccess-id=\"header\" contenteditable=\"true\">Manon SOUCHARD<\/h4>\n<p>[\/et_pb_text][\/et_pb_column][\/et_pb_row][\/et_pb_section][et_pb_section fb_built=\u00a0\u00bb1&Prime; admin_label=\u00a0\u00bbPopup &#8211; #fannyc\u00a0\u00bb module_id=\u00a0\u00bbfannyc\u00a0\u00bb module_class=\u00a0\u00bbpopup\u00a0\u00bb _builder_version=\u00a0\u00bb4.16&Prime; width=\u00a0\u00bb60%\u00a0\u00bb da_is_popup=\u00a0\u00bbon\u00a0\u00bb da_popup_slug=\u00a0\u00bbfannyc\u00a0\u00bb da_disable_devices=\u00a0\u00bboff|off|off\u00a0\u00bb global_colors_info=\u00a0\u00bb{}\u00a0\u00bb theme_builder_area=\u00a0\u00bbpost_content\u00a0\u00bb da_exit_intent=\u00a0\u00bboff\u00a0\u00bb da_has_close=\u00a0\u00bbon\u00a0\u00bb da_alt_close=\u00a0\u00bboff\u00a0\u00bb da_dark_close=\u00a0\u00bboff\u00a0\u00bb da_not_modal=\u00a0\u00bbon\u00a0\u00bb da_is_singular=\u00a0\u00bboff\u00a0\u00bb da_with_loader=\u00a0\u00bboff\u00a0\u00bb da_has_shadow=\u00a0\u00bbon\u00a0\u00bb][et_pb_row _builder_version=\u00a0\u00bb4.16&Prime; global_colors_info=\u00a0\u00bb{}\u00a0\u00bb theme_builder_area=\u00a0\u00bbpost_content\u00a0\u00bb][et_pb_column type=\u00a0\u00bb4_4&Prime; _builder_version=\u00a0\u00bb4.16&Prime; global_colors_info=\u00a0\u00bb{}\u00a0\u00bb theme_builder_area=\u00a0\u00bbpost_content\u00a0\u00bb][et_pb_team_member name=\u00a0\u00bbFanny COUSSEAU\u00a0\u00bb position=\u00a0\u00bbOrganiste, Participe au programmes %22Les Aper\u00e7ues%22 et %22L\u00e9gendes%22&Prime; image_url=\u00a0\u00bbhttps:\/\/ensemble-esquisses.fr\/wp-content\/uploads\/2021\/04\/FannyC.jpg\u00a0\u00bb icon_color=\u00a0\u00bb#ffffff\u00a0\u00bb _builder_version=\u00a0\u00bb4.26.0&Prime; header_text_align=\u00a0\u00bbleft\u00a0\u00bb header_font_size=\u00a0\u00bb23px\u00a0\u00bb header_letter_spacing=\u00a0\u00bb2px\u00a0\u00bb body_font_size=\u00a0\u00bb18px\u00a0\u00bb body_link_font=\u00a0\u00bb|700|||||||\u00a0\u00bb body_link_text_color=\u00a0\u00bb#000000&Prime; text_orientation=\u00a0\u00bbleft\u00a0\u00bb filter_sepia=\u00a0\u00bb100%\u00a0\u00bb child_filter_brightness=\u00a0\u00bb99%\u00a0\u00bb animation_style=\u00a0\u00bbflip\u00a0\u00bb animation_duration=\u00a0\u00bb1950ms\u00a0\u00bb hover_enabled=\u00a0\u00bb0&Prime; border_radii_image=\u00a0\u00bbon|250px|250px|250px|250px\u00a0\u00bb global_colors_info=\u00a0\u00bb{}\u00a0\u00bb theme_builder_area=\u00a0\u00bbpost_content\u00a0\u00bb sticky_enabled=\u00a0\u00bb0&Prime;]<\/p>\n<p>Fanny\u00a0Cousseau\u00a0est dipl\u00f4m\u00e9e du Conservatoire National Sup\u00e9rieur de Musique et de Danse (CNSMD) de Lyon o\u00f9 elle obtient son master d&rsquo;orgue.<br \/>Elle a \u00e9galement \u00e9tudi\u00e9 l&rsquo;orgue \u00e0 l\u2019Universit\u00e4t f\u00fcr Musik und Darstellende kunst Wien (MDW) en Autriche ainsi que le piano et l&rsquo;accompagnement au Conservatoire \u00e0 Rayonnement R\u00e9gional (CRR) de Paris et au Conservatoire \u00e0 Rayonnement D\u00e9partemental (CRD) de Saint-Maur-des-Foss\u00e9s.<br \/>Pendant ses ann\u00e9es d\u2019\u00e9tudes, elle b\u00e9n\u00e9ficie de l&rsquo;enseignement de musiciens renomm\u00e9s tels Eric Lebrun, Jeremy Joseph, Carlos Roque Alsina, Benoit Menut, Liesbeth Schlumberger ou encore Fran\u00e7ois Espinasse. En 2019, elle remporte deux prix au Concours International d&rsquo;Orgue Olivier Messiaen dont le prix de la meilleure interpr\u00e9tation des oeuvres de Messiaen.<\/p>\n<p>Musicienne recherch\u00e9e,\u00a0Fanny\u00a0se produit r\u00e9guli\u00e8rement en soliste, avec choeur ou bien avec orchestre dans divers lieux prestigieux tels\u00a0l\u2019Auditorium\u00a0de Lyon, le Consulat Fran\u00e7ais de Tlemcen en Alg\u00e9rie ou encore la Jesuitenkirche \u00e0 Vienne en Autriche.<br \/>Tr\u00e8s attach\u00e9e \u00e0 la p\u00e9dagogie, elle enseigne\u00a0l&rsquo;orgue au Conservatoire Maurice Ravel de Levallois Perret et le piano \u00e0 l&rsquo;Ecole de Musique franco-hongroise de Lyon.<\/p>\n<p>[\/et_pb_team_member][\/et_pb_column][\/et_pb_row][\/et_pb_section][et_pb_section fb_built=\u00a0\u00bb1&Prime; admin_label=\u00a0\u00bbPopup &#8211; #marie\u00a0\u00bb module_id=\u00a0\u00bbmarie\u00a0\u00bb module_class=\u00a0\u00bbpopup\u00a0\u00bb _builder_version=\u00a0\u00bb4.16&Prime; width=\u00a0\u00bb60%\u00a0\u00bb da_is_popup=\u00a0\u00bbon\u00a0\u00bb da_popup_slug=\u00a0\u00bbmarie\u00a0\u00bb da_disable_devices=\u00a0\u00bboff|off|off\u00a0\u00bb global_colors_info=\u00a0\u00bb{}\u00a0\u00bb theme_builder_area=\u00a0\u00bbpost_content\u00a0\u00bb da_exit_intent=\u00a0\u00bboff\u00a0\u00bb da_has_close=\u00a0\u00bbon\u00a0\u00bb da_alt_close=\u00a0\u00bboff\u00a0\u00bb da_dark_close=\u00a0\u00bboff\u00a0\u00bb da_not_modal=\u00a0\u00bbon\u00a0\u00bb da_is_singular=\u00a0\u00bboff\u00a0\u00bb da_with_loader=\u00a0\u00bboff\u00a0\u00bb da_has_shadow=\u00a0\u00bbon\u00a0\u00bb][et_pb_row _builder_version=\u00a0\u00bb4.16&Prime; global_colors_info=\u00a0\u00bb{}\u00a0\u00bb theme_builder_area=\u00a0\u00bbpost_content\u00a0\u00bb][et_pb_column type=\u00a0\u00bb4_4&Prime; _builder_version=\u00a0\u00bb4.16&Prime; global_colors_info=\u00a0\u00bb{}\u00a0\u00bb theme_builder_area=\u00a0\u00bbpost_content\u00a0\u00bb][et_pb_team_member name=\u00a0\u00bbMarie LE GUERN\u00a0\u00bb position=\u00a0\u00bbHarpiste, Participe au programme %22Fugara%22&Prime; image_url=\u00a0\u00bbhttps:\/\/ensemble-esquisses.fr\/wp-content\/uploads\/2020\/05\/marie.jpg\u00a0\u00bb _builder_version=\u00a0\u00bb4.26.0&Prime; header_text_align=\u00a0\u00bbleft\u00a0\u00bb header_font_size=\u00a0\u00bb23px\u00a0\u00bb header_letter_spacing=\u00a0\u00bb2px\u00a0\u00bb body_font_size=\u00a0\u00bb18px\u00a0\u00bb filter_sepia=\u00a0\u00bb100%\u00a0\u00bb child_filter_brightness=\u00a0\u00bb82%\u00a0\u00bb child_filter_contrast=\u00a0\u00bb98%\u00a0\u00bb animation_style=\u00a0\u00bbfold\u00a0\u00bb animation_duration=\u00a0\u00bb2000ms\u00a0\u00bb hover_enabled=\u00a0\u00bb0&Prime; border_radii_image=\u00a0\u00bbon|250px|250px|250px|250px\u00a0\u00bb global_colors_info=\u00a0\u00bb{}\u00a0\u00bb theme_builder_area=\u00a0\u00bbpost_content\u00a0\u00bb sticky_enabled=\u00a0\u00bb0&Prime;]<\/p>\n<p>Marie Le Guern commence la harpe \u00e0 l&rsquo;\u00e2ge de 7 ans au Conservatoire d&rsquo;Angers dans la classe de V\u00e9ronique Chenuet.<\/p>\n<p>En 2015, peu apr\u00e8s avoir obtenu son Dipl\u00f4me d\u2019Etudes Musicales (DEM), elle int\u00e8gre le Conservatoire Nationale Sup\u00e9rieur de Musique et de Danse de Lyon dans la classe de Fabrice Pierre, Sylvain Blassel ainsi que Park Stickney o\u00f9 elle y obtient son Master en 2020.<\/p>\n<p>En parall\u00e8le, elle b\u00e9n\u00e9ficie des conseils d\u2019autres grands interpr\u00e8tes tels que Marie-Pierre Langlamet, Isabelle Moretti, Isabelle Perrin, Elizabeth Fontan-Binoche, ou encore Jana Bouskova.<br \/>Elle se passionne pour l&rsquo;orchestre et se produit r\u00e9guli\u00e8rement avec des ensembles professionnels tels que l&rsquo;Op\u00e9ra de Lyon, \u2019Orchestre National de Lyon, l&rsquo;Op\u00e9ra de Saint-Etienne, l\u2019Orchestre des Pays de Savoie&#8230;<\/p>\n<p>En 2019, elle int\u00e8gre l\u2019Ensemble Hors-Champ, ensemble de musique \u00e0 l\u2019image, le Trio l\u2019Heure Exquise aux c\u00f4t\u00e9s de Chlo\u00e9 Jacob (soprano) et de David Harnois (cor) ainsi que l\u2019Ensemble Esquisses.<\/p>\n<p>[\/et_pb_team_member][\/et_pb_column][\/et_pb_row][\/et_pb_section][et_pb_section fb_built=\u00a0\u00bb1&Prime; admin_label=\u00a0\u00bbPopup &#8211; #manonsouchard\u00a0\u00bb module_id=\u00a0\u00bbmanonsouchard\u00a0\u00bb module_class=\u00a0\u00bbpopup\u00a0\u00bb _builder_version=\u00a0\u00bb4.26.0&Prime; width=\u00a0\u00bb60%\u00a0\u00bb hover_enabled=\u00a0\u00bb0&Prime; da_is_popup=\u00a0\u00bbon\u00a0\u00bb da_popup_slug=\u00a0\u00bbmanonsouchard\u00a0\u00bb da_disable_devices=\u00a0\u00bboff|off|off\u00a0\u00bb global_colors_info=\u00a0\u00bb{}\u00a0\u00bb theme_builder_area=\u00a0\u00bbpost_content\u00a0\u00bb sticky_enabled=\u00a0\u00bb0&Prime; da_exit_intent=\u00a0\u00bboff\u00a0\u00bb da_has_close=\u00a0\u00bbon\u00a0\u00bb da_alt_close=\u00a0\u00bboff\u00a0\u00bb da_dark_close=\u00a0\u00bboff\u00a0\u00bb da_not_modal=\u00a0\u00bbon\u00a0\u00bb da_is_singular=\u00a0\u00bboff\u00a0\u00bb da_with_loader=\u00a0\u00bboff\u00a0\u00bb da_has_shadow=\u00a0\u00bbon\u00a0\u00bb][et_pb_row _builder_version=\u00a0\u00bb4.16&Prime; global_colors_info=\u00a0\u00bb{}\u00a0\u00bb theme_builder_area=\u00a0\u00bbpost_content\u00a0\u00bb][et_pb_column type=\u00a0\u00bb4_4&Prime; _builder_version=\u00a0\u00bb4.16&Prime; global_colors_info=\u00a0\u00bb{}\u00a0\u00bb theme_builder_area=\u00a0\u00bbpost_content\u00a0\u00bb][et_pb_team_member name=\u00a0\u00bbManon SOUCHARD\u00a0\u00bb position=\u00a0\u00bbParticipe au programme %22L\u00e9gendes%22&Prime; image_url=\u00a0\u00bbhttps:\/\/ensemble-esquisses.fr\/wp-content\/uploads\/2024\/07\/ManonSouchard.png\u00a0\u00bb _builder_version=\u00a0\u00bb4.26.0&Prime; header_text_align=\u00a0\u00bbleft\u00a0\u00bb header_font_size=\u00a0\u00bb23px\u00a0\u00bb header_letter_spacing=\u00a0\u00bb2px\u00a0\u00bb body_font_size=\u00a0\u00bb18px\u00a0\u00bb filter_sepia=\u00a0\u00bb100%\u00a0\u00bb child_filter_brightness=\u00a0\u00bb82%\u00a0\u00bb child_filter_contrast=\u00a0\u00bb98%\u00a0\u00bb animation_style=\u00a0\u00bbfold\u00a0\u00bb animation_duration=\u00a0\u00bb2000ms\u00a0\u00bb hover_enabled=\u00a0\u00bb0&Prime; border_radii_image=\u00a0\u00bbon|250px|250px|250px|250px\u00a0\u00bb global_colors_info=\u00a0\u00bb{}\u00a0\u00bb theme_builder_area=\u00a0\u00bbpost_content\u00a0\u00bb title_text=\u00a0\u00bbManonSouchard\u00a0\u00bb sticky_enabled=\u00a0\u00bb0&Prime;]<\/p>\n<p>Jeune corniste dynamique et passionn\u00e9e, Manon Souchard a fait ses \u00e9tudes au<\/p>\n<p>Conservatoire Sup\u00e9rieur de Paris (CNSMDP) dans la classe de M. Cazalet.<\/p>\n<p>Depuis toujours attir\u00e9e par le r\u00e9pertoire symphonique, elle a la chance d\u2019aborder tr\u00e8s t\u00f4t ces chefs-d\u2019oeuvres avec des orchestres tels que l\u2019orchestre de l\u2019Op\u00e9ra de Paris, l\u2019Orchestre de Paris, ou l\u2019Orchestre National de France.<\/p>\n<p>Elle est \u00e9galement engag\u00e9e dans le r\u00e9pertoire de chambre, puisqu\u2019elle est membre fondateur du quintette \u00e0 vent Ak\u00e9bia, dipl\u00f4m\u00e9 du CNSMDP mention tr\u00e8s bien \u00e0 l\u2019unanimit\u00e9, avec lequel elle se produit dans de nombreux festivals.<\/p>\n<p>Manon est aussi attir\u00e9e par les processus de cr\u00e9ation ; elle incarne ainsi un r\u00f4le sur sc\u00e8ne<br \/>dans l\u2019op\u00e9ra Le Premier Meurtre d\u2019Arthur Lavandier (Op\u00e9ra de Lille, 2016) et fait partie depuis 2017 de la compagnie Miroirs \u00c9tendus, avec laquelle elle a notamment cr\u00e9\u00e9 le spectacle Faust, op\u00e9ra-vid\u00e9o avec \u00e9lectronique.<\/p>\n<p>Elle int\u00e8gre en mai 2018 l\u2019Orchestre National de Lyon et poursuit ainsi la fabuleuse d\u00e9couverte du r\u00e9pertoire symphonique.<\/p>\n<p>&nbsp;<\/p>\n<p><em>C&rsquo;\u00e9dit photo : Gilles Soen-We<\/em><\/p>\n<p>[\/et_pb_team_member][\/et_pb_column][\/et_pb_row][\/et_pb_section]<\/p>\n","protected":false},"excerpt":{"rendered":"<p>L&rsquo;EnsembleFanny COUSSEAUMarie LE GUERNManon SOUCHARDFanny\u00a0Cousseau\u00a0est dipl\u00f4m\u00e9e du Conservatoire National Sup\u00e9rieur de Musique et de Danse (CNSMD) de Lyon o\u00f9 elle obtient son master d&rsquo;orgue.Elle a \u00e9galement \u00e9tudi\u00e9 l&rsquo;orgue \u00e0 l\u2019Universit\u00e4t f\u00fcr Musik und Darstellende kunst Wien (MDW) en Autriche ainsi que le piano et l&rsquo;accompagnement au Conservatoire \u00e0 Rayonnement R\u00e9gional (CRR) de Paris et au [&hellip;]<\/p>\n","protected":false},"author":1,"featured_media":0,"parent":0,"menu_order":0,"comment_status":"closed","ping_status":"closed","template":"","meta":{"_et_pb_use_builder":"on","_et_pb_old_content":"","_et_gb_content_width":"","footnotes":""},"class_list":["post-691","page","type-page","status-publish","hentry"],"_links":{"self":[{"href":"https:\/\/ensemble-esquisses.fr\/index.php?rest_route=\/wp\/v2\/pages\/691","targetHints":{"allow":["GET"]}}],"collection":[{"href":"https:\/\/ensemble-esquisses.fr\/index.php?rest_route=\/wp\/v2\/pages"}],"about":[{"href":"https:\/\/ensemble-esquisses.fr\/index.php?rest_route=\/wp\/v2\/types\/page"}],"author":[{"embeddable":true,"href":"https:\/\/ensemble-esquisses.fr\/index.php?rest_route=\/wp\/v2\/users\/1"}],"replies":[{"embeddable":true,"href":"https:\/\/ensemble-esquisses.fr\/index.php?rest_route=%2Fwp%2Fv2%2Fcomments&post=691"}],"version-history":[{"count":3,"href":"https:\/\/ensemble-esquisses.fr\/index.php?rest_route=\/wp\/v2\/pages\/691\/revisions"}],"predecessor-version":[{"id":699,"href":"https:\/\/ensemble-esquisses.fr\/index.php?rest_route=\/wp\/v2\/pages\/691\/revisions\/699"}],"wp:attachment":[{"href":"https:\/\/ensemble-esquisses.fr\/index.php?rest_route=%2Fwp%2Fv2%2Fmedia&parent=691"}],"curies":[{"name":"wp","href":"https:\/\/api.w.org\/{rel}","templated":true}]}}